{"id":3330,"date":"2023-11-28T15:35:42","date_gmt":"2023-11-28T15:35:42","guid":{"rendered":"https:\/\/staging.myitalytotheworld.com\/contact-us\/"},"modified":"2024-01-10T17:34:04","modified_gmt":"2024-01-10T17:34:04","slug":"contactos","status":"publish","type":"page","link":"https:\/\/www.myitalytotheworld.com\/es\/contactos\/","title":{"rendered":"Contactos"},"content":{"rendered":"<div class=\"wpb-content-wrapper\"><p>[vc_row][vc_column width=\u00bb1\/2&#8243; el_class=\u00bbcustom-cs-contact-form\u00bb]\n<div class=\"wpcf7 no-js\" id=\"wpcf7-f3434-o1\" lang=\"es-ES\" dir=\"ltr\" data-wpcf7-id=\"3434\">\n<div class=\"screen-reader-response\"><p role=\"status\" aria-live=\"polite\" aria-atomic=\"true\"><\/p> <ul><\/ul><\/div>\n<form action=\"\/es\/wp-json\/wp\/v2\/pages\/3330#wpcf7-f3434-o1\" method=\"post\" class=\"wpcf7-form init\" aria-label=\"Formulario de contacto\" novalidate=\"novalidate\" data-status=\"init\">\n<fieldset class=\"hidden-fields-container\"><input type=\"hidden\" name=\"_wpcf7\" value=\"3434\" \/><input type=\"hidden\" name=\"_wpcf7_version\" value=\"6.1.3\" \/><input type=\"hidden\" name=\"_wpcf7_locale\" value=\"es_ES\" \/><input type=\"hidden\" name=\"_wpcf7_unit_tag\" value=\"wpcf7-f3434-o1\" \/><input type=\"hidden\" name=\"_wpcf7_container_post\" value=\"0\" \/><input type=\"hidden\" name=\"_wpcf7_posted_data_hash\" value=\"\" \/><input type=\"hidden\" name=\"_wpcf7_recaptcha_response\" value=\"\" \/>\n<\/fieldset>\n<input class=\"wpcf7-form-control wpcf7-hidden\" value=\"myitalytotheworld.com\" type=\"hidden\" name=\"origine-lead\" \/>\n<input class=\"wpcf7-form-control wpcf7-hidden\" value=\"Da contattare\" type=\"hidden\" name=\"status-lead\" \/>\n<div class=\"row\">\n\t<fieldset class=\"form-group col-md-7\">\n\t\t<p><span class=\"wpcf7-form-control-wrap\" data-name=\"nome\"><input size=\"40\" maxlength=\"400\" class=\"wpcf7-form-control wpcf7-text wpcf7-validates-as-required\" aria-required=\"true\" aria-invalid=\"false\" placeholder=\"Nombre\" value=\"\" type=\"text\" name=\"nome\" \/><\/span>\n\t\t<\/p>\n\t<\/fieldset>\n\t<fieldset class=\"form-group col-md-7\">\n\t\t<p><span class=\"wpcf7-form-control-wrap\" data-name=\"cognome\"><input size=\"40\" maxlength=\"400\" class=\"wpcf7-form-control wpcf7-text wpcf7-validates-as-required\" aria-required=\"true\" aria-invalid=\"false\" placeholder=\"Apellido\" value=\"\" type=\"text\" name=\"cognome\" \/><\/span>\n\t\t<\/p>\n\t<\/fieldset>\n\t<fieldset class=\"form-group col-md-7\">\n\t\t<p><span class=\"wpcf7-form-control-wrap\" data-name=\"azienda\"><input size=\"40\" maxlength=\"400\" class=\"wpcf7-form-control wpcf7-text\" aria-invalid=\"false\" placeholder=\"Nombre Empresa\" value=\"\" type=\"text\" name=\"azienda\" \/><\/span>\n\t\t<\/p>\n\t<\/fieldset>\n\t<fieldset class=\"form-group col-md-7\">\n\t\t<p>Tipo de Empresa<br \/>\n<span class=\"wpcf7-form-control-wrap\" data-name=\"tipo-azienda\"><select class=\"wpcf7-form-control wpcf7-select\" aria-invalid=\"false\" name=\"tipo-azienda\"><option value=\"\">\u2014Seleccionar una opci\u00f3n\u2014<\/option><option value=\"Hotel o Cadena de hoteles\">Hotel o Cadena de hoteles<\/option><option value=\"Agencia de viajes\">Agencia de viajes<\/option><option value=\"Compa\u00f1\u00eda a\u00e9rea\">Compa\u00f1\u00eda a\u00e9rea<\/option><option value=\"DMC\/Wholesaler\">DMC\/Wholesaler<\/option><option value=\"NCC\">NCC<\/option><option value=\"Otro\">Otro<\/option><\/select><\/span>\n\t\t<\/p>\n\t<\/fieldset>\n\t<fieldset class=\"form-group col-md-7\">\n\t\t<p><span class=\"wpcf7-form-control-wrap\" data-name=\"email\"><input size=\"40\" maxlength=\"400\" class=\"wpcf7-form-control wpcf7-email wpcf7-validates-as-required wpcf7-text wpcf7-validates-as-email\" aria-required=\"true\" aria-invalid=\"false\" placeholder=\"Email\" value=\"\" type=\"email\" name=\"email\" \/><\/span>\n\t\t<\/p>\n\t<\/fieldset>\n\t<fieldset class=\"form-group col-md-7\">\n\t\t<p><span class=\"wpcf7-form-control-wrap\" data-name=\"telefono\"><input size=\"40\" maxlength=\"400\" class=\"wpcf7-form-control wpcf7-tel wpcf7-validates-as-required wpcf7-text wpcf7-validates-as-tel\" aria-required=\"true\" aria-invalid=\"false\" placeholder=\"Tel\u00e9fono\" value=\"\" type=\"tel\" name=\"telefono\" \/><\/span>\n\t\t<\/p>\n\t<\/fieldset>\n\t<fieldset class=\"form-group col-md-7\">\n\t\t<p><span class=\"wpcf7-form-control-wrap\" data-name=\"descrizione\"><textarea cols=\"40\" rows=\"10\" maxlength=\"2000\" class=\"wpcf7-form-control wpcf7-textarea\" aria-invalid=\"false\" placeholder=\"Mensaje\" name=\"descrizione\"><\/textarea><\/span>\n\t\t<\/p>\n\t<\/fieldset>\n\t<p><span class=\"wpcf7-form-control-wrap\" data-name=\"acceptance-gdpr\"><span class=\"wpcf7-form-control wpcf7-acceptance\"><span class=\"wpcf7-list-item\"><label><input type=\"checkbox\" name=\"acceptance-gdpr\" value=\"1\" aria-invalid=\"false\" \/><span class=\"wpcf7-list-item-label\">Expreso mi consentimiento para el tratamiento de mis datos personales, seg\u00fan lo dispuesto en el Decreto Legislativo n.\u00ba 196 de 30 de junio de 2003 y las disposiciones del art\u00edculo 13 del Reglamento de la UE 2016\/679 (en adelante, \"GDPR\").<\/span><\/label><\/span><\/span><\/span>\n\t<\/p>\n\t<fieldset class=\"form-group col-md-12\">\n\t\t<p><input class=\"wpcf7-form-control wpcf7-submit has-spinner btn btn-normal btn-md\" type=\"submit\" value=\"Envia\" \/>\n\t\t<\/p>\n\t<\/fieldset>\n<\/div><div class=\"wpcf7-response-output\" aria-hidden=\"true\"><\/div>\n<\/form>\n<\/div>\n[\/vc_column][vc_column width=\u00bb1\/2&#8243;]<h2 class='heading-middle  divider-sm' ><span>D\u00d3NDE ESTAMOS<\/span><\/h2>[vc_single_image image=\u00bb3483&#8243; img_size=\u00bbfull\u00bb alignment=\u00bbcenter\u00bb onclick=\u00bbcustom_link\u00bb img_link_target=\u00bb_blank\u00bb link=\u00bbhttps:\/\/www.google.com\/maps\/place\/Via+Il+Prato,+8R,+50123+Firenze+FI\/@43.7738349,11.2371961,16z\/data=!4m6!3m5!1s0x132a56ae5cbdba1f:0x51841056eaaf4839!8m2!3d43.77498!4d11.24325!16s%2Fg%2F11csgb3wsv?entry=ttu\u00bb title=\u00bbOperations Office &#8211; Via Il Prato 8R 50143 Firenze\u00bb css=\u00bb.vc_custom_1704908014904{margin-top: 30px !important;margin-bottom: 30px !important;}\u00bb][vc_single_image image=\u00bb3495&#8243; img_size=\u00bbfull\u00bb alignment=\u00bbcenter\u00bb onclick=\u00bbcustom_link\u00bb img_link_target=\u00bb_blank\u00bb link=\u00bbhttps:\/\/www.google.com\/maps\/place\/Via+degli+Scipioni,+7,+00192+Roma+RM\/@41.9081011,12.4532527,17z\/data=!3m1!4b1!4m6!3m5!1s0x132f60617a50338b:0x164d1b48fcd9ff07!8m2!3d41.9081011!4d12.4558276!16s%2Fg%2F11dz_0tb5j?entry=ttu\u00bb title=\u00bbIncoming Office &#8211; Via degli Scipioni 7 00192 Rome\u00bb css=\u00bb.vc_custom_1704908027021{margin-top: 50px !important;margin-bottom: 30px !important;}\u00bb][vc_single_image image=\u00bb3503&#8243; img_size=\u00bbfull\u00bb alignment=\u00bbcenter\u00bb onclick=\u00bbcustom_link\u00bb img_link_target=\u00bb_blank\u00bb link=\u00bbhttps:\/\/www.google.com\/maps\/place\/Piazzale+Leonardo+da+Vinci,+8,+30172+Venezia+VE\/@45.4901572,12.2325301,15.25z\/data=!4m6!3m5!1s0x477eb43c2e3cf8db:0x24d599fc91274927!8m2!3d45.4881474!4d12.2384325!16s%2Fg%2F11c5bt3v79?entry=ttu\u00bb title=\u00bbB2B Operations Office &#8211; Piazzale Leonardo da Vinci 8 Venice\u00bb css=\u00bb.vc_custom_1704908039341{margin-top: 50px !important;margin-bottom: 30px !important;}\u00bb][\/vc_column][\/vc_row]<\/p>\n<\/div>","protected":false},"excerpt":{"rendered":"<p>[vc_row][vc_column width=\u00bb1\/2&#8243; el_class=\u00bbcustom-cs-contact-form\u00bb][\/vc_column][vc_column width=\u00bb1\/2&#8243;][vc_single_image image=\u00bb3483&#8243; img_size=\u00bbfull\u00bb alignment=\u00bbcenter\u00bb onclick=\u00bbcustom_link\u00bb img_link_target=\u00bb_blank\u00bb link=\u00bbhttps:\/\/www.google.com\/maps\/place\/Via+Il+Prato,+8R,+50123+Firenze+FI\/@43.7738349,11.2371961,16z\/data=!4m6!3m5!1s0x132a56ae5cbdba1f:0x51841056eaaf4839!8m2!3d43.77498!4d11.24325!16s%2Fg%2F11csgb3wsv?entry=ttu\u00bb title=\u00bbOperations Office &#8211; Via Il Prato 8R 50143 Firenze\u00bb css=\u00bb.vc_custom_1704908014904{margin-top: 30px !important;margin-bottom: 30px !important;}\u00bb][vc_single_image image=\u00bb3495&#8243; img_size=\u00bbfull\u00bb alignment=\u00bbcenter\u00bb onclick=\u00bbcustom_link\u00bb img_link_target=\u00bb_blank\u00bb link=\u00bbhttps:\/\/www.google.com\/maps\/place\/Via+degli+Scipioni,+7,+00192+Roma+RM\/@41.9081011,12.4532527,17z\/data=!3m1!4b1!4m6!3m5!1s0x132f60617a50338b:0x164d1b48fcd9ff07!8m2!3d41.9081011!4d12.4558276!16s%2Fg%2F11dz_0tb5j?entry=ttu\u00bb title=\u00bbIncoming Office &#8211; Via degli Scipioni 7 00192 Rome\u00bb css=\u00bb.vc_custom_1704908027021{margin-top: &hellip;<\/p>\n","protected":false},"author":3,"featured_media":0,"parent":0,"menu_order":0,"comment_status":"closed","ping_status":"closed","template":"","meta":{"footnotes":""},"class_list":["post-3330","page","type-page","status-publish","hentry"],"yoast_head":"<!-- This site is optimized with the Yoast SEO plugin v26.3 - https:\/\/yoast.com\/wordpress\/plugins\/seo\/ -->\n<title>Contactos - MyItalytotheWorld<\/title>\n<meta name=\"description\" content=\"Contactos, \u00bfnecesitas ayuda para organizar tu viaje? o \u00bfbuscas informaci\u00f3n? S\u00f3lo tiene que ponerse en contacto con MyItalytotheWorld.\" \/>\n<meta name=\"robots\" content=\"index, follow, max-snippet:-1, max-image-preview:large, max-video-preview:-1\" \/>\n<link rel=\"canonical\" href=\"https:\/\/www.myitalytotheworld.com\/es\/contactos\/\" \/>\n<meta property=\"og:locale\" content=\"es_ES\" \/>\n<meta property=\"og:type\" content=\"article\" \/>\n<meta property=\"og:title\" content=\"Contactos - MyItalytotheWorld\" \/>\n<meta property=\"og:description\" content=\"Contactos, \u00bfnecesitas ayuda para organizar tu viaje? o \u00bfbuscas informaci\u00f3n? S\u00f3lo tiene que ponerse en contacto con MyItalytotheWorld.\" \/>\n<meta property=\"og:url\" content=\"https:\/\/www.myitalytotheworld.com\/es\/contactos\/\" \/>\n<meta property=\"og:site_name\" content=\"MyItalytotheWorld\" \/>\n<meta property=\"article:modified_time\" content=\"2024-01-10T17:34:04+00:00\" \/>\n<meta name=\"twitter:card\" content=\"summary_large_image\" \/>\n<meta name=\"twitter:label1\" content=\"Tiempo de lectura\" \/>\n\t<meta name=\"twitter:data1\" content=\"1 minuto\" \/>\n<script type=\"application\/ld+json\" class=\"yoast-schema-graph\">{\"@context\":\"https:\/\/schema.org\",\"@graph\":[{\"@type\":\"WebPage\",\"@id\":\"https:\/\/www.myitalytotheworld.com\/es\/contactos\/\",\"url\":\"https:\/\/www.myitalytotheworld.com\/es\/contactos\/\",\"name\":\"Contactos - MyItalytotheWorld\",\"isPartOf\":{\"@id\":\"https:\/\/www.myitalytotheworld.com\/es\/#website\"},\"datePublished\":\"2023-11-28T15:35:42+00:00\",\"dateModified\":\"2024-01-10T17:34:04+00:00\",\"description\":\"Contactos, \u00bfnecesitas ayuda para organizar tu viaje? o \u00bfbuscas informaci\u00f3n? S\u00f3lo tiene que ponerse en contacto con MyItalytotheWorld.\",\"breadcrumb\":{\"@id\":\"https:\/\/www.myitalytotheworld.com\/es\/contactos\/#breadcrumb\"},\"inLanguage\":\"es\",\"potentialAction\":[{\"@type\":\"ReadAction\",\"target\":[\"https:\/\/www.myitalytotheworld.com\/es\/contactos\/\"]}]},{\"@type\":\"BreadcrumbList\",\"@id\":\"https:\/\/www.myitalytotheworld.com\/es\/contactos\/#breadcrumb\",\"itemListElement\":[{\"@type\":\"ListItem\",\"position\":1,\"name\":\"Home\",\"item\":\"https:\/\/www.myitalytotheworld.com\/es\/\"},{\"@type\":\"ListItem\",\"position\":2,\"name\":\"Contactos\"}]},{\"@type\":\"WebSite\",\"@id\":\"https:\/\/www.myitalytotheworld.com\/es\/#website\",\"url\":\"https:\/\/www.myitalytotheworld.com\/es\/\",\"name\":\"MyItalytotheWorld\",\"description\":\"\",\"potentialAction\":[{\"@type\":\"SearchAction\",\"target\":{\"@type\":\"EntryPoint\",\"urlTemplate\":\"https:\/\/www.myitalytotheworld.com\/es\/?s={search_term_string}\"},\"query-input\":{\"@type\":\"PropertyValueSpecification\",\"valueRequired\":true,\"valueName\":\"search_term_string\"}}],\"inLanguage\":\"es\"}]}<\/script>\n<!-- \/ Yoast SEO plugin. -->","yoast_head_json":{"title":"Contactos - MyItalytotheWorld","description":"Contactos, \u00bfnecesitas ayuda para organizar tu viaje? o \u00bfbuscas informaci\u00f3n? S\u00f3lo tiene que ponerse en contacto con MyItalytotheWorld.","robots":{"index":"index","follow":"follow","max-snippet":"max-snippet:-1","max-image-preview":"max-image-preview:large","max-video-preview":"max-video-preview:-1"},"canonical":"https:\/\/www.myitalytotheworld.com\/es\/contactos\/","og_locale":"es_ES","og_type":"article","og_title":"Contactos - MyItalytotheWorld","og_description":"Contactos, \u00bfnecesitas ayuda para organizar tu viaje? o \u00bfbuscas informaci\u00f3n? S\u00f3lo tiene que ponerse en contacto con MyItalytotheWorld.","og_url":"https:\/\/www.myitalytotheworld.com\/es\/contactos\/","og_site_name":"MyItalytotheWorld","article_modified_time":"2024-01-10T17:34:04+00:00","twitter_card":"summary_large_image","twitter_misc":{"Tiempo de lectura":"1 minuto"},"schema":{"@context":"https:\/\/schema.org","@graph":[{"@type":"WebPage","@id":"https:\/\/www.myitalytotheworld.com\/es\/contactos\/","url":"https:\/\/www.myitalytotheworld.com\/es\/contactos\/","name":"Contactos - MyItalytotheWorld","isPartOf":{"@id":"https:\/\/www.myitalytotheworld.com\/es\/#website"},"datePublished":"2023-11-28T15:35:42+00:00","dateModified":"2024-01-10T17:34:04+00:00","description":"Contactos, \u00bfnecesitas ayuda para organizar tu viaje? o \u00bfbuscas informaci\u00f3n? S\u00f3lo tiene que ponerse en contacto con MyItalytotheWorld.","breadcrumb":{"@id":"https:\/\/www.myitalytotheworld.com\/es\/contactos\/#breadcrumb"},"inLanguage":"es","potentialAction":[{"@type":"ReadAction","target":["https:\/\/www.myitalytotheworld.com\/es\/contactos\/"]}]},{"@type":"BreadcrumbList","@id":"https:\/\/www.myitalytotheworld.com\/es\/contactos\/#breadcrumb","itemListElement":[{"@type":"ListItem","position":1,"name":"Home","item":"https:\/\/www.myitalytotheworld.com\/es\/"},{"@type":"ListItem","position":2,"name":"Contactos"}]},{"@type":"WebSite","@id":"https:\/\/www.myitalytotheworld.com\/es\/#website","url":"https:\/\/www.myitalytotheworld.com\/es\/","name":"MyItalytotheWorld","description":"","potentialAction":[{"@type":"SearchAction","target":{"@type":"EntryPoint","urlTemplate":"https:\/\/www.myitalytotheworld.com\/es\/?s={search_term_string}"},"query-input":{"@type":"PropertyValueSpecification","valueRequired":true,"valueName":"search_term_string"}}],"inLanguage":"es"}]}},"_links":{"self":[{"href":"https:\/\/www.myitalytotheworld.com\/es\/wp-json\/wp\/v2\/pages\/3330","targetHints":{"allow":["GET"]}}],"collection":[{"href":"https:\/\/www.myitalytotheworld.com\/es\/wp-json\/wp\/v2\/pages"}],"about":[{"href":"https:\/\/www.myitalytotheworld.com\/es\/wp-json\/wp\/v2\/types\/page"}],"author":[{"embeddable":true,"href":"https:\/\/www.myitalytotheworld.com\/es\/wp-json\/wp\/v2\/users\/3"}],"replies":[{"embeddable":true,"href":"https:\/\/www.myitalytotheworld.com\/es\/wp-json\/wp\/v2\/comments?post=3330"}],"version-history":[{"count":8,"href":"https:\/\/www.myitalytotheworld.com\/es\/wp-json\/wp\/v2\/pages\/3330\/revisions"}],"predecessor-version":[{"id":3516,"href":"https:\/\/www.myitalytotheworld.com\/es\/wp-json\/wp\/v2\/pages\/3330\/revisions\/3516"}],"wp:attachment":[{"href":"https:\/\/www.myitalytotheworld.com\/es\/wp-json\/wp\/v2\/media?parent=3330"}],"curies":[{"name":"wp","href":"https:\/\/api.w.org\/{rel}","templated":true}]}}